{"id":8,"date":"2025-10-14T19:30:45","date_gmt":"2025-10-14T19:30:45","guid":{"rendered":"http:\/\/nzzvmkz.cluster100.hosting.ovh.net\/index.php\/accueil\/"},"modified":"2025-10-14T19:30:45","modified_gmt":"2025-10-14T19:30:45","slug":"accueil","status":"publish","type":"page","link":"https:\/\/snclavenir.fr\/index.php\/accueil\/","title":{"rendered":"Accueil"},"content":{"rendered":"  <section class=\"hero\">\n    <div class=\"container\">\n      <span class=\"notice\">SNC L'Avenir \u00b7 Montbron<\/span>\n      <h1>Votre commerce de proximit\u00e9<\/h1>\n      <p>Tabac \u00b7 Presse \u00b7 FDJ \u00b7 PMU \u00b7 Cadeaux \u00b7 Reparation tout appareil electronique \u00b7 T\u00e9l\u00e9phonie \u00b7 Gravure \u00b7 Impression 3D \u00b7 Personalisation \u00b7 Relais colis \u00b7 Photos ANTS<\/p>\n      <a class=\"cta\" href=\"https:\/\/snclavenir.fr\/index.php\/shop\/\">Voir la boutique<\/a>    <\/div>\n  <\/section>\n\n  <section class=\"section\">\n    <div class=\"container\">\n      <h2>Nos services<\/h2>\n      <div class=\"grid\">\n        <div class=\"card\"><div class=\"badge\">E-liquides<\/div><p>Des saveurs pour tous les go\u00fbts. Conseils en boutique, taux 0 \u00e0 18 mg.<\/p><a class=\"btn-link\" href=\"\"><\/a><\/div><div class=\"card\"><div class=\"badge\">FDJ &amp; PMU<\/div><p>Validation FDJ, paris PMU. +18 ans \u2013 Jouer comporte des risques.<\/p><a class=\"btn-link\" href=\"\"><\/a><\/div><div class=\"card\"><div class=\"badge\">Cadeaux &amp; Souvenirs<\/div><p>Id\u00e9es cadeaux et d\u00e9co.<\/p><a class=\"btn-link\" href=\"https:\/\/snclavenir.fr\/categorie-produit\/cadeaux\/\"><\/a><\/div><div class=\"card\"><div class=\"badge\">R\u00e9paration Appareil \u00e9lectronique<\/div><p>\u00c9crans, batteries, diagnostics. Devis imm\u00e9diat, souvent le jour m\u00eame.<\/p><a class=\"btn-link\" href=\"\"><\/a><\/div><div class=\"card\"><div class=\"badge\">Personnalisation &amp; Gravure<\/div><p>Gravure laser &amp; impression sur mugs\/textiles. Id\u00e9al cadeaux &amp; pro.<\/p><a class=\"btn-link\" href=\"\"><\/a><\/div><div class=\"card\"><div class=\"badge\">Relais &amp; Services<\/div><p>Relais colis, La poste, photos ANTS conformes, impressions &amp; services pratiques.<\/p><a class=\"btn-link\" href=\"\"><\/a><\/div>      <\/div>\n    <\/div>\n  <\/section>\n\n  <section class=\"section\">\n    <div class=\"container\">\n      <h2>Avis Google<\/h2>\n      <div class=\"avis\"><span class=\"badge\">Avis<\/span><div><strong>Votre avis compte !<\/strong><br><a target=\"_blank\" href=\"https:\/\/g.page\/r\/CXnlFnJYH_tqEBM\/review\">Laisser un avis sur Google<\/a><\/div><\/div>    <\/div>\n  <\/section>\n  \n","protected":false},"excerpt":{"rendered":"","protected":false},"author":1,"featured_media":0,"parent":0,"menu_order":0,"comment_status":"closed","ping_status":"closed","template":"","meta":{"footnotes":""},"class_list":["post-8","page","type-page","status-publish","hentry"],"_links":{"self":[{"href":"https:\/\/snclavenir.fr\/index.php\/wp-json\/wp\/v2\/pages\/8","targetHints":{"allow":["GET"]}}],"collection":[{"href":"https:\/\/snclavenir.fr\/index.php\/wp-json\/wp\/v2\/pages"}],"about":[{"href":"https:\/\/snclavenir.fr\/index.php\/wp-json\/wp\/v2\/types\/page"}],"author":[{"embeddable":true,"href":"https:\/\/snclavenir.fr\/index.php\/wp-json\/wp\/v2\/users\/1"}],"replies":[{"embeddable":true,"href":"https:\/\/snclavenir.fr\/index.php\/wp-json\/wp\/v2\/comments?post=8"}],"version-history":[{"count":1,"href":"https:\/\/snclavenir.fr\/index.php\/wp-json\/wp\/v2\/pages\/8\/revisions"}],"predecessor-version":[{"id":53,"href":"https:\/\/snclavenir.fr\/index.php\/wp-json\/wp\/v2\/pages\/8\/revisions\/53"}],"wp:attachment":[{"href":"https:\/\/snclavenir.fr\/index.php\/wp-json\/wp\/v2\/media?parent=8"}],"curies":[{"name":"wp","href":"https:\/\/api.w.org\/{rel}","templated":true}]}}