{"id":16,"date":"2025-10-14T19:51:41","date_gmt":"2025-10-14T19:51:41","guid":{"rendered":"https:\/\/nzzvmkz.cluster100.hosting.ovh.net\/index.php\/cart\/"},"modified":"2025-10-15T13:35:42","modified_gmt":"2025-10-15T13:35:42","slug":"cart","status":"publish","type":"page","link":"https:\/\/snclavenir.fr\/index.php\/cart\/","title":{"rendered":"Cart"},"content":{"rendered":"\n<div data-block-name=\"woocommerce\/cart\" class=\"wp-block-woocommerce-cart alignwide is-loading\">\n<div data-block-name=\"woocommerce\/filled-cart-block\" class=\"wp-block-woocommerce-filled-cart-block\">\n<div data-block-name=\"woocommerce\/cart-items-block\" class=\"wp-block-woocommerce-cart-items-block\">\n<div data-block-name=\"woocommerce\/cart-line-items-block\" class=\"wp-block-woocommerce-cart-line-items-block\"><\/div>\n\n\n<\/div>\n\n\n\n\n<div data-block-name=\"woocommerce\/cart-totals-block\" class=\"wp-block-woocommerce-cart-totals-block\">\n<div data-block-name=\"woocommerce\/cart-order-summary-block\" class=\"wp-block-woocommerce-cart-order-summary-block\">\n<div data-block-name=\"woocommerce\/cart-order-summary-heading-block\" class=\"wp-block-woocommerce-cart-order-summary-heading-block\"><\/div><div data-block-name=\"woocommerce\/cart-order-summary-coupon-form-block\" class=\"wp-block-woocommerce-cart-order-summary-coupon-form-block\"><\/div><div data-block-name=\"woocommerce\/cart-order-summary-totals-block\" class=\"wp-block-woocommerce-cart-order-summary-totals-block\">\n<div data-block-name=\"woocommerce\/cart-order-summary-subtotal-block\" class=\"wp-block-woocommerce-cart-order-summary-subtotal-block\"><\/div>\n<div data-block-name=\"woocommerce\/cart-order-summary-discount-block\" class=\"wp-block-woocommerce-cart-order-summary-discount-block\"><\/div>\n<div data-block-name=\"woocommerce\/cart-order-summary-fee-block\" class=\"wp-block-woocommerce-cart-order-summary-fee-block\"><\/div>\n<div data-block-name=\"woocommerce\/cart-order-summary-shipping-block\" class=\"wp-block-woocommerce-cart-order-summary-shipping-block\"><\/div>\n<div data-block-name=\"woocommerce\/cart-order-summary-taxes-block\" class=\"wp-block-woocommerce-cart-order-summary-taxes-block\"><\/div><\/div>\n<\/div>\n\n\n\n<div data-block-name=\"woocommerce\/cart-express-payment-block\" class=\"wp-block-woocommerce-cart-express-payment-block\"><\/div>\n\n\n\n<div data-block-name=\"woocommerce\/proceed-to-checkout-block\" class=\"wp-block-woocommerce-proceed-to-checkout-block\"><\/div>\n\n\n\n<div data-block-name=\"woocommerce\/cart-accepted-payment-methods-block\" class=\"wp-block-woocommerce-cart-accepted-payment-methods-block\"><\/div>\n<\/div>\n<\/div>\n\n\n\n<div data-block-name=\"woocommerce\/empty-cart-block\" class=\"wp-block-woocommerce-empty-cart-block\">\n<h2 class=\"wp-block-heading has-text-align-center with-empty-cart-icon wc-block-cart__empty-cart__title\">Your cart is currently empty!<\/h2>\n\n\n\n<hr class=\"wp-block-separator has-alpha-channel-opacity is-style-dots\"\/>\n\n\n\n<h2 class=\"wp-block-heading has-text-align-center\">New in store<\/h2>\n\n\n<div data-block-name=\"woocommerce\/product-new\" data-columns=\"4\" data-rows=\"1\" class=\"wc-block-grid wp-block-product-new wp-block-woocommerce-product-new wc-block-product-new has-4-columns\"><ul class=\"wc-block-grid__products\"><li class=\"wc-block-grid__product\">\n\t\t\t\t<a href=\"https:\/\/snclavenir.fr\/index.php\/product\/boule-de-noel-en-bois-renne-et-sapins-gravure-joyeux-noel\/\" class=\"wc-block-grid__product-link\">\n\t\t\t\t\t\n\t\t\t\t\t<div class=\"wc-block-grid__product-image\"><img fetchpriority=\"high\" decoding=\"async\" width=\"300\" height=\"300\" src=\"https:\/\/snclavenir.fr\/wp-content\/uploads\/2025\/10\/23805D02-8F73-4D00-9A85-08C755813149-300x300.png\" class=\"attachment-woocommerce_thumbnail size-woocommerce_thumbnail\" alt=\"Boule de No\u00ebl en bois \u2013 Renne et sapins \u2013 Gravure \u201cJoyeux No\u00ebl\u201d\" srcset=\"https:\/\/snclavenir.fr\/wp-content\/uploads\/2025\/10\/23805D02-8F73-4D00-9A85-08C755813149-300x300.png 300w, https:\/\/snclavenir.fr\/wp-content\/uploads\/2025\/10\/23805D02-8F73-4D00-9A85-08C755813149-150x150.png 150w, https:\/\/snclavenir.fr\/wp-content\/uploads\/2025\/10\/23805D02-8F73-4D00-9A85-08C755813149-100x100.png 100w\" sizes=\"(max-width: 300px) 100vw, 300px\" \/><\/div>\n\t\t\t\t\t<div class=\"wc-block-grid__product-title\">Boule de No\u00ebl en bois \u2013 Renne et sapins \u2013 Gravure \u201cJoyeux No\u00ebl\u201d<\/div>\n\t\t\t\t<\/a>\n\t\t\t\t<div class=\"wc-block-grid__product-price price\"><span class=\"woocommerce-Price-amount amount\">2,99&nbsp;<span class=\"woocommerce-Price-currencySymbol\">&euro;<\/span><\/span><\/div>\n\t\t\t\t\n\t\t\t\t<div class=\"wp-block-button wc-block-grid__product-add-to-cart\"><a href=\"\/index.php\/wp-json\/wp\/v2\/pages\/16?add-to-cart=305\" aria-label=\"Ajouter au panier\u00a0: &ldquo;Boule de No\u00ebl en bois \u2013 Renne et sapins \u2013 Gravure \u201cJoyeux No\u00ebl\u201d&rdquo;\" data-quantity=\"1\" data-product_id=\"305\" data-product_sku=\"\" data-price=\"2.99\" rel=\"nofollow\" class=\"wp-block-button__link  add_to_cart_button ajax_add_to_cart\">Ajouter au panier<\/a><\/div>\n\t\t\t<\/li><li class=\"wc-block-grid__product\">\n\t\t\t\t<a href=\"https:\/\/snclavenir.fr\/index.php\/product\/boule-de-noel-en-bois-oh-oh-oh\/\" class=\"wc-block-grid__product-link\">\n\t\t\t\t\t\n\t\t\t\t\t<div class=\"wc-block-grid__product-image\"><img decoding=\"async\" width=\"300\" height=\"300\" src=\"https:\/\/snclavenir.fr\/wp-content\/uploads\/2025\/10\/BE26D366-C3AB-48BA-938A-914DD21B0F4E-300x300.png\" class=\"attachment-woocommerce_thumbnail size-woocommerce_thumbnail\" alt=\"Boule de No\u00ebl en bois \u2013 \u201cOh Oh Oh\u201d\" srcset=\"https:\/\/snclavenir.fr\/wp-content\/uploads\/2025\/10\/BE26D366-C3AB-48BA-938A-914DD21B0F4E-300x300.png 300w, https:\/\/snclavenir.fr\/wp-content\/uploads\/2025\/10\/BE26D366-C3AB-48BA-938A-914DD21B0F4E-150x150.png 150w, https:\/\/snclavenir.fr\/wp-content\/uploads\/2025\/10\/BE26D366-C3AB-48BA-938A-914DD21B0F4E-100x100.png 100w\" sizes=\"(max-width: 300px) 100vw, 300px\" \/><\/div>\n\t\t\t\t\t<div class=\"wc-block-grid__product-title\">Boule de No\u00ebl en bois \u2013 \u201cOh Oh Oh\u201d<\/div>\n\t\t\t\t<\/a>\n\t\t\t\t<div class=\"wc-block-grid__product-price price\"><span class=\"woocommerce-Price-amount amount\">2,99&nbsp;<span class=\"woocommerce-Price-currencySymbol\">&euro;<\/span><\/span><\/div>\n\t\t\t\t\n\t\t\t\t<div class=\"wp-block-button wc-block-grid__product-add-to-cart\"><a href=\"\/index.php\/wp-json\/wp\/v2\/pages\/16?add-to-cart=302\" aria-label=\"Ajouter au panier\u00a0: &ldquo;Boule de No\u00ebl en bois \u2013 \u201cOh Oh Oh\u201d&rdquo;\" data-quantity=\"1\" data-product_id=\"302\" data-product_sku=\"\" data-price=\"2.99\" rel=\"nofollow\" class=\"wp-block-button__link  add_to_cart_button ajax_add_to_cart\">Ajouter au panier<\/a><\/div>\n\t\t\t<\/li><li class=\"wc-block-grid__product\">\n\t\t\t\t<a href=\"https:\/\/snclavenir.fr\/index.php\/product\/lanternes-de-noel-en-bois-decoupees-au-laser-fabrication-artisanale-locale\/\" class=\"wc-block-grid__product-link\">\n\t\t\t\t\t\n\t\t\t\t\t<div class=\"wc-block-grid__product-image\"><img decoding=\"async\" width=\"300\" height=\"300\" src=\"https:\/\/snclavenir.fr\/wp-content\/uploads\/2025\/10\/IMG_0771-300x300.jpeg\" class=\"attachment-woocommerce_thumbnail size-woocommerce_thumbnail\" alt=\"Lanternes de No\u00ebl en bois d\u00e9coup\u00e9es au laser \u2013 Fabrication artisanale locale\" srcset=\"https:\/\/snclavenir.fr\/wp-content\/uploads\/2025\/10\/IMG_0771-300x300.jpeg 300w, https:\/\/snclavenir.fr\/wp-content\/uploads\/2025\/10\/IMG_0771-150x150.jpeg 150w, https:\/\/snclavenir.fr\/wp-content\/uploads\/2025\/10\/IMG_0771-100x100.jpeg 100w\" sizes=\"(max-width: 300px) 100vw, 300px\" \/><\/div>\n\t\t\t\t\t<div class=\"wc-block-grid__product-title\">Lanternes de No\u00ebl en bois d\u00e9coup\u00e9es au laser \u2013 Fabrication artisanale locale<\/div>\n\t\t\t\t<\/a>\n\t\t\t\t<div class=\"wc-block-grid__product-price price\"><span class=\"woocommerce-Price-amount amount\">9,90&nbsp;<span class=\"woocommerce-Price-currencySymbol\">&euro;<\/span><\/span><\/div>\n\t\t\t\t\n\t\t\t\t<div class=\"wp-block-button wc-block-grid__product-add-to-cart\"><a href=\"https:\/\/snclavenir.fr\/index.php\/product\/lanternes-de-noel-en-bois-decoupees-au-laser-fabrication-artisanale-locale\/\" aria-label=\"S\u00e9lectionner les options pour &ldquo;Lanternes de No\u00ebl en bois d\u00e9coup\u00e9es au laser \u2013 Fabrication artisanale locale&rdquo;\" data-quantity=\"1\" data-product_id=\"173\" data-product_sku=\"\" data-price=\"9.9\" rel=\"nofollow\" class=\"wp-block-button__link  add_to_cart_button\">Choix des options<\/a><\/div>\n\t\t\t<\/li><li class=\"wc-block-grid__product\">\n\t\t\t\t<a href=\"https:\/\/snclavenir.fr\/index.php\/product\/mug-best-dad-ever-cadeau-original-pour-papa\/\" class=\"wc-block-grid__product-link\">\n\t\t\t\t\t\n\t\t\t\t\t<div class=\"wc-block-grid__product-image\"><img loading=\"lazy\" decoding=\"async\" width=\"300\" height=\"300\" src=\"https:\/\/snclavenir.fr\/wp-content\/uploads\/2025\/10\/IMG_4637-300x300.jpeg\" class=\"attachment-woocommerce_thumbnail size-woocommerce_thumbnail\" alt=\"Mug \u201cBest Dad Ever\u201d \u2013 Cadeau original pour papa\" srcset=\"https:\/\/snclavenir.fr\/wp-content\/uploads\/2025\/10\/IMG_4637-300x300.jpeg 300w, https:\/\/snclavenir.fr\/wp-content\/uploads\/2025\/10\/IMG_4637-150x150.jpeg 150w, https:\/\/snclavenir.fr\/wp-content\/uploads\/2025\/10\/IMG_4637-100x100.jpeg 100w\" sizes=\"(max-width: 300px) 100vw, 300px\" \/><\/div>\n\t\t\t\t\t<div class=\"wc-block-grid__product-title\">Mug \u201cBest Dad Ever\u201d \u2013 Cadeau original pour papa<\/div>\n\t\t\t\t<\/a>\n\t\t\t\t<div class=\"wc-block-grid__product-price price\"><span class=\"woocommerce-Price-amount amount\">9,90&nbsp;<span class=\"woocommerce-Price-currencySymbol\">&euro;<\/span><\/span><\/div>\n\t\t\t\t\n\t\t\t\t<div class=\"wp-block-button wc-block-grid__product-add-to-cart\"><a href=\"\/index.php\/wp-json\/wp\/v2\/pages\/16?add-to-cart=171\" aria-label=\"Ajouter au panier\u00a0: &ldquo;Mug \u201cBest Dad Ever\u201d \u2013 Cadeau original pour papa&rdquo;\" data-quantity=\"1\" data-product_id=\"171\" data-product_sku=\"\" data-price=\"9.9\" rel=\"nofollow\" class=\"wp-block-button__link  add_to_cart_button ajax_add_to_cart\">Ajouter au panier<\/a><\/div>\n\t\t\t<\/li><\/ul><\/div><\/div>\n<\/div>\n","protected":false},"excerpt":{"rendered":"","protected":false},"author":1,"featured_media":0,"parent":0,"menu_order":0,"comment_status":"closed","ping_status":"closed","template":"","meta":{"footnotes":""},"class_list":["post-16","page","type-page","status-publish","hentry"],"_links":{"self":[{"href":"https:\/\/snclavenir.fr\/index.php\/wp-json\/wp\/v2\/pages\/16","targetHints":{"allow":["GET"]}}],"collection":[{"href":"https:\/\/snclavenir.fr\/index.php\/wp-json\/wp\/v2\/pages"}],"about":[{"href":"https:\/\/snclavenir.fr\/index.php\/wp-json\/wp\/v2\/types\/page"}],"author":[{"embeddable":true,"href":"https:\/\/snclavenir.fr\/index.php\/wp-json\/wp\/v2\/users\/1"}],"replies":[{"embeddable":true,"href":"https:\/\/snclavenir.fr\/index.php\/wp-json\/wp\/v2\/comments?post=16"}],"version-history":[{"count":1,"href":"https:\/\/snclavenir.fr\/index.php\/wp-json\/wp\/v2\/pages\/16\/revisions"}],"predecessor-version":[{"id":65,"href":"https:\/\/snclavenir.fr\/index.php\/wp-json\/wp\/v2\/pages\/16\/revisions\/65"}],"wp:attachment":[{"href":"https:\/\/snclavenir.fr\/index.php\/wp-json\/wp\/v2\/media?parent=16"}],"curies":[{"name":"wp","href":"https:\/\/api.w.org\/{rel}","templated":true}]}}