{"id":12,"date":"2025-10-14T19:30:45","date_gmt":"2025-10-14T19:30:45","guid":{"rendered":"http:\/\/nzzvmkz.cluster100.hosting.ovh.net\/index.php\/mentions-legales\/"},"modified":"2025-10-15T14:46:02","modified_gmt":"2025-10-15T14:46:02","slug":"mentions-legales","status":"publish","type":"page","link":"https:\/\/snclavenir.fr\/index.php\/mentions-legales\/","title":{"rendered":"Mentions l\u00e9gales"},"content":{"rendered":"\n<p>Propri\u00e9taire du site<\/p>\n\n\n\n<p>SNC L\u2019Avenir<\/p>\n\n\n\n<p>16 rue d\u2019Angoul\u00eame, 16220 Montbron, France<\/p>\n\n\n\n<p>Email : <a href=\"mailto:snclavenir@gmail.com\">snclavenir@gmail.com<\/a><\/p>\n\n\n\n<p>Forme juridique : Soci\u00e9t\u00e9 en Nom Collectif<\/p>\n\n\n\n<p>SIRET : 94313613500010<\/p>\n\n\n\n<p>Responsables de la publication : David &amp; Jonathan Vergne<\/p>\n\n\n\n<p>H\u00e9bergement du site<\/p>\n\n\n\n<p>OVH SAS \u2013 2 rue Kellermann, 59100 Roubaix \u2013 <a href=\"https:\/\/www.ovhcloud.com\/\">www.ovhcloud.com<\/a><\/p>\n\n\n\n<p>Propri\u00e9t\u00e9 intellectuelle<\/p>\n\n\n\n<p>Tout le contenu du site snclavenir.fr (textes, images, logos, graphismes, vid\u00e9os\u2026) est la propri\u00e9t\u00e9 exclusive de SNC L\u2019Avenir, sauf mention contraire.<\/p>\n\n\n\n<p>Toute reproduction, diffusion ou utilisation sans autorisation est interdite.<\/p>\n\n\n\n<p>Liens externes<\/p>\n\n\n\n<p>SNC L\u2019Avenir d\u00e9cline toute responsabilit\u00e9 concernant le contenu des sites externes accessibles via les liens pr\u00e9sents sur snclavenir.fr.<\/p>\n\n\n\n<p>Donn\u00e9es personnelles<\/p>\n\n\n\n<p>Les donn\u00e9es collect\u00e9es (formulaires, commandes, contact) sont trait\u00e9es conform\u00e9ment au RGPD.<\/p>\n\n\n\n<p>Elles ne sont jamais revendues \u00e0 des tiers.<\/p>\n\n\n\n<p>Pour toute demande de modification ou suppression : <a href=\"mailto:snclavenir@gmail.com\">snclavenir@gmail.com<\/a>.<\/p>\n","protected":false},"excerpt":{"rendered":"<p>Propri\u00e9taire du site SNC L\u2019Avenir 16 rue d\u2019Angoul\u00eame, 16220 Montbron, France Email : snclavenir@gmail.com Forme juridique : Soci\u00e9t\u00e9 en Nom Collectif SIRET : 94313613500010 Responsables de la publication : David &amp; Jonathan Vergne H\u00e9bergement du site OVH SAS \u2013 2 rue Kellermann, 59100 Roubaix \u2013 www.ovhcloud.com Propri\u00e9t\u00e9 intellectuelle Tout le contenu du site snclavenir.fr (textes, [&hellip;]<\/p>\n","protected":false},"author":1,"featured_media":0,"parent":0,"menu_order":0,"comment_status":"closed","ping_status":"closed","template":"","meta":{"footnotes":""},"class_list":["post-12","page","type-page","status-publish","hentry"],"_links":{"self":[{"href":"https:\/\/snclavenir.fr\/index.php\/wp-json\/wp\/v2\/pages\/12","targetHints":{"allow":["GET"]}}],"collection":[{"href":"https:\/\/snclavenir.fr\/index.php\/wp-json\/wp\/v2\/pages"}],"about":[{"href":"https:\/\/snclavenir.fr\/index.php\/wp-json\/wp\/v2\/types\/page"}],"author":[{"embeddable":true,"href":"https:\/\/snclavenir.fr\/index.php\/wp-json\/wp\/v2\/users\/1"}],"replies":[{"embeddable":true,"href":"https:\/\/snclavenir.fr\/index.php\/wp-json\/wp\/v2\/comments?post=12"}],"version-history":[{"count":1,"href":"https:\/\/snclavenir.fr\/index.php\/wp-json\/wp\/v2\/pages\/12\/revisions"}],"predecessor-version":[{"id":77,"href":"https:\/\/snclavenir.fr\/index.php\/wp-json\/wp\/v2\/pages\/12\/revisions\/77"}],"wp:attachment":[{"href":"https:\/\/snclavenir.fr\/index.php\/wp-json\/wp\/v2\/media?parent=12"}],"curies":[{"name":"wp","href":"https:\/\/api.w.org\/{rel}","templated":true}]}}